{"id":394,"date":"2021-07-07T21:52:54","date_gmt":"2021-07-08T00:52:54","guid":{"rendered":"https:\/\/lojaconstancia.com.br\/site\/?page_id=394"},"modified":"2021-07-12T11:39:00","modified_gmt":"2021-07-12T14:39:00","slug":"missao-visao-e-valores","status":"publish","type":"page","link":"https:\/\/lojaconstancia.com.br\/site\/missao-visao-e-valores\/","title":{"rendered":"Miss\u00e3o Vis\u00e3o e Valores"},"content":{"rendered":"\n<h1 class=\"wp-block-heading\">Miss\u00e3o<\/h1>\n\n\n\n<p>Construir Ma\u00e7ons que sejam bons, determinados, disciplinados, retos, justos, verdadeiros e com plena consci\u00eancia de seu respeito a Deus, amor ao pr\u00f3ximo e dedica\u00e7\u00e3o \u00e0 fam\u00edlia.<\/p>\n\n\n\n<p>Buscar a integra\u00e7\u00e3o entre as Lojas da regi\u00e3o, inclusive das Lojas de outras pot\u00eancias, desde que reconhecidas e aceitas pelo GOB.<\/p>\n\n\n\n<p>Atuar de forma plenamente integrada, focados nos Objetivos da Loja, harmonizando as colunas e integrando os Irm\u00e3os e fam\u00edlias, para que todos juntos pugnem pelo fortalecimento financeiro e social da Loja e de cada Irm\u00e3o individualmente e pelo fortalecimento \u00e9tico e moral da sociedade em geral.<\/p>\n\n\n\n<p>Atuar sempre de forma unida no mundo profano, com honestidade, responsabilidade, fraternidade e toler\u00e2ncia.<\/p>\n\n\n\n<p>Agir de forma pr\u00e1tica e reta, dando exemplo para a sociedade e demais Irm\u00e3os, atrav\u00e9s da pr\u00e1tica da virtude, especialmente em entidades filantr\u00f3picas, bem como no incentivo ao civismo, patriotismo, cidadania, moral e \u00e9tica social. Ter lideran\u00e7a em nossa comunidade e apontar os caminhos para o seu desenvolvimento.<\/p>\n\n\n\n<h1 class=\"wp-block-heading\">Vis\u00e3o<\/h1>\n\n\n\n<p>Somos construtores do Templo Social. Com a nossa Uni\u00e3o e Fraternidade somos respeitados pela Sociedade, onde estamos engajados e integrados nos seus grandes projetos para o bem comum da nossa Cidade, do Estado, da P\u00e1tria e da Humanidade.<\/p>\n\n\n\n<p>Somos fraternos, espont\u00e2neos e sinceros. Cultivamos o respeito m\u00fatuo, a real fraternidade, a integra\u00e7\u00e3o e participa\u00e7\u00e3o de nossas fam\u00edlias, pois como verdadeiros ma\u00e7ons, escolhidos entre os melhores homens livres e de bons costumes, a nossa voca\u00e7\u00e3o \u00e9 a Ordem. Nos desenvolvemos e crescemos continuamente com o aumento da participa\u00e7\u00e3o de nossos membros. A uni\u00e3o e a fraternidade formam o exemplo seguido entre todos indistintamente.<\/p>\n\n\n\n<p>A nossa vis\u00e3o \u00e9 de continuidade administrativa, buscando a Sa\u00fade Financeira de nossa Loja, sem perder o horizonte motivacional, promovendo a participa\u00e7\u00e3o efetiva dos irm\u00e3os. Buscamos ainda o equil\u00edbrio entre o Estudo, a Ritual\u00edstica e a A\u00e7\u00e3o, pois acreditamos que a gest\u00e3o do presente deve complementar os resultados obtidos nas gest\u00f5es do passado.<\/p>\n\n\n\n<p>Participamos efetivamente na sociedade onde estamos engajados, mostrando retid\u00e3o de conduta como homens livres e de bons costumes, sempre voltados ao bem comum da sociedade.<\/p>\n\n\n\n<h1 class=\"wp-block-heading\">Valores<\/h1>\n\n\n\n<p>\u2022&nbsp;A quantidade e qualidade de obreiros;<\/p>\n\n\n\n<p>\u2022&nbsp;A qualidade da Ritual\u00edstica;<\/p>\n\n\n\n<p>\u2022&nbsp;A plena observ\u00e2ncia das Leis;<\/p>\n\n\n\n<p>\u2022&nbsp;A qualidade das Sess\u00f5es (n\u00e3o exceder o tempo regulamentar e realizar nos tr\u00eas Graus Simb\u00f3licos);<\/p>\n\n\n\n<p>\u2022&nbsp;A Retid\u00e3o, Const\u00e2ncia, Honestidade e Responsabilidade na Administra\u00e7\u00e3o; \u2022 A transpar\u00eancia e diretrizes claras para a Hospitalaria no atendimento aos Irm\u00e3os e Cunhadas necessitados e \u00e0s institui\u00e7\u00f5es filantr\u00f3picas escolhidas pelo quadro de Obreiros;<\/p>\n\n\n\n<p>\u2022&nbsp;O Respeito aos Irm\u00e3os, objetivando a Uni\u00e3o e a Fraternidade;<\/p>\n\n\n\n<p>\u2022&nbsp;Instru\u00e7\u00e3o constante aos Aprendizes, Companheiros e Mestres com est\u00edmulo \u00e0 elabora\u00e7\u00e3o de trabalhos de qualidade. Est\u00edmulo \u00e0s pesquisas de novos temas, focados para a pr\u00e1tica da ma\u00e7onaria, tendo em conta sua hist\u00f3ria, sua filosofia e seus s\u00edmbolos;<\/p>\n\n\n\n<p>\u2022&nbsp;Propugna pela paz, pela a harmonia e pela a conc\u00f3rdia entre os homens;<\/p>\n\n\n\n<p>\u2022&nbsp;Combate \u00e0s drogas, \u00e0 viol\u00eancia e marginalidade e \u00e0 corrup\u00e7\u00e3o;<\/p>\n\n\n\n<p>\u2022&nbsp;Constru\u00e7\u00e3o do templo atrav\u00e9s das eras, com a entrega do Templo sempre em melhores condi\u00e7\u00f5es daquelas em que foi recebido atrav\u00e9s das gera\u00e7\u00f5es.<\/p>\n","protected":false},"excerpt":{"rendered":"<p>Miss\u00e3o Construir Ma\u00e7ons que sejam bons, determinados, disciplinados, retos, justos, verdadeiros e com plena consci\u00eancia de seu respeito a Deus, amor ao pr\u00f3ximo e dedica\u00e7\u00e3o \u00e0 fam\u00edlia. Buscar a integra\u00e7\u00e3o entre as Lojas da regi\u00e3o, inclusive das Lojas de outras pot\u00eancias, desde que reconhecidas e aceitas pelo GOB. Atuar de forma plenamente integrada, focados nos [&hellip;]<\/p>\n","protected":false},"author":1,"featured_media":439,"parent":0,"menu_order":0,"comment_status":"closed","ping_status":"closed","template":"","meta":{"footnotes":""},"class_list":["post-394","page","type-page","status-publish","has-post-thumbnail","czr-hentry"],"_links":{"self":[{"href":"https:\/\/lojaconstancia.com.br\/site\/wp-json\/wp\/v2\/pages\/394","targetHints":{"allow":["GET"]}}],"collection":[{"href":"https:\/\/lojaconstancia.com.br\/site\/wp-json\/wp\/v2\/pages"}],"about":[{"href":"https:\/\/lojaconstancia.com.br\/site\/wp-json\/wp\/v2\/types\/page"}],"author":[{"embeddable":true,"href":"https:\/\/lojaconstancia.com.br\/site\/wp-json\/wp\/v2\/users\/1"}],"replies":[{"embeddable":true,"href":"https:\/\/lojaconstancia.com.br\/site\/wp-json\/wp\/v2\/comments?post=394"}],"version-history":[{"count":1,"href":"https:\/\/lojaconstancia.com.br\/site\/wp-json\/wp\/v2\/pages\/394\/revisions"}],"predecessor-version":[{"id":395,"href":"https:\/\/lojaconstancia.com.br\/site\/wp-json\/wp\/v2\/pages\/394\/revisions\/395"}],"wp:featuredmedia":[{"embeddable":true,"href":"https:\/\/lojaconstancia.com.br\/site\/wp-json\/wp\/v2\/media\/439"}],"wp:attachment":[{"href":"https:\/\/lojaconstancia.com.br\/site\/wp-json\/wp\/v2\/media?parent=394"}],"curies":[{"name":"wp","href":"https:\/\/api.w.org\/{rel}","templated":true}]}}